{"id":392,"date":"2022-10-18T11:37:54","date_gmt":"2022-10-18T11:37:54","guid":{"rendered":"https:\/\/megametal.com.br\/wfe\/?page_id=392"},"modified":"2022-10-18T11:48:43","modified_gmt":"2022-10-18T11:48:43","slug":"politica-de-cookies","status":"publish","type":"page","link":"https:\/\/megametal.com.br\/wfe\/politica-de-cookies\/","title":{"rendered":"POL\u00cdTICA DE COOKIES"},"content":{"rendered":"\n<p>A presente pol\u00edtica de cookies da Mega Metal Mec\u00e2nica Ltda. \u00e9 complementar \u00e0 nossa Pol\u00edtica de Privacidade, a qual recomendamos a leitura pr\u00e9via.<br><strong>O QUE S\u00c3O COOKIES?<br><\/strong>Cookies s\u00e3o arquivos salvos em seu dispositivo quando voc\u00ea visita um site, que permitem a execu\u00e7\u00e3o de funcionalidades diversas, possibilitando o armazenamento das informa\u00e7\u00f5es relacionadas \u00e0s suas prefer\u00eancias para navega\u00e7\u00e3o dentro de um site. Desta forma, o site poder\u00e1 compreender seus h\u00e1bitos de navega\u00e7\u00e3o e propiciar uma melhor experi\u00eancia para o usufruto das funcionalidades do site.<br>Tais cookies podem vir a ser coletados e armazenados desde o momento em que for iniciada a navega\u00e7\u00e3o pelo site ou quando da eventual utiliza\u00e7\u00e3o de recurso que necessita fazer uso deles.<br>A partir das informa\u00e7\u00f5es prestadas e dos cookies coletados, pode-se ajustar, aprimorar e desenvolver as funcionalidades e conte\u00fados do site, de modo que se pode tornar mais relevante para a experi\u00eancia e usufruto dos usu\u00e1rios.<br><strong>POR QUE USAMOS COOKIES?<br><\/strong>A Mega Metal Mec\u00e2nica utiliza cookies com o intuito de melhorar as experi\u00eancias de navega\u00e7\u00e3o do usu\u00e1rio, propiciando melhor navegabilidade pelas fun\u00e7\u00f5es disponibilizadas, com base no comportamento e escolhas do usu\u00e1rio.<br>Vale ressaltar que, via de regra, os referidos cookies n\u00e3o s\u00e3o formados por informa\u00e7\u00f5es pessoais espec\u00edficas, tal como dados pessoais sens\u00edveis.<br><strong>GERENCIAMENTO DE COOKIES<br><\/strong>A instala\u00e7\u00e3o dos cookies est\u00e1 sujeita ao seu consentimento. Apesar da maioria dos navegadores estar inicialmente configurada para aceitar cookies de forma autom\u00e1tica, voc\u00ea pode rever suas permiss\u00f5es a qualquer tempo, de forma a bloque\u00e1-los, aceit\u00e1-los ou ativar notifica\u00e7\u00f5es para quando alguns cookies forem enviados ao seu dispositivo.<br>A instala\u00e7\u00e3o dos cookies parte do consentimento do usu\u00e1rio, ainda que parte significativa dos navegadores s\u00e3o predefinidos para aceitar cookies de forma autom\u00e1tica (sendo poss\u00edvel a altera\u00e7\u00e3o desta regra nas configura\u00e7\u00f5es do navegador).<br>Todavia, no caso de desativa\u00e7\u00e3o dos cookies, algumas funcionalidades do site podem ficar prejudicadas, sendo poss\u00edvel que passe a operar de forma que n\u00e3o seja a mais conveniente e produtiva.<br>Ao clicar em &#8220;Eu concordo&#8221;, na barra de consentimento, voc\u00ea concorda com a nossa utiliza\u00e7\u00e3o de todos os cookies.<br><strong>DISPOSI\u00c7\u00d5ES FINAIS<br><\/strong>Para a Mega Metal Mec\u00e2nica, a privacidade e confian\u00e7a dos usu\u00e1rios s\u00e3o primordiais para o nosso relacionamento mais producente. Desta forma, estaremos sempre buscando atualiza\u00e7\u00f5es necess\u00e1rias para manter os mais altos padr\u00f5es de seguran\u00e7a.<br>Ainda, reservamo-nos o direito de modificar a qualquer tempo, sem aviso pr\u00e9vio, as disposi\u00e7\u00f5es da presente Pol\u00edtica de Cookies. As mudan\u00e7as entrar\u00e3o em vigor logoap\u00f3s a publica\u00e7\u00e3o das altera\u00e7\u00f5es.<br>Ao continuar a navega\u00e7\u00e3o nas nossas aplica\u00e7\u00f5es ap\u00f3s essa mudan\u00e7a se tornareficaz, voc\u00ea concorda com elas. Reiteramos o convite para que voc\u00ea sempre verifiqueesta Pol\u00edtica de Cookies, bem como a nossa Pol\u00edtica de Privacidade.<br>Em caso de d\u00favidas, entre em contato conosco pelos seguintes meios:<\/p>\n\n\n\n<ul><li>Email: leonice.silva@megametal.com.br<\/li><li>Endere\u00e7o: Avenida Expedicion\u00e1rio Fernando Hartmann, 640, Distrito Industrial,<br>Santa Rosa \u2013 RS, CEP 98794-768<\/li><li>Telefone: (55) 3513-5900<\/li><\/ul>\n","protected":false},"excerpt":{"rendered":"<p>A presente pol\u00edtica de cookies da Mega Metal Mec\u00e2nica Ltda. \u00e9 complementar \u00e0 nossa Pol\u00edtica de Privacidade, a qual recomendamos a leitura pr\u00e9via.O QUE S\u00c3O COOKIES?Cookies s\u00e3o arquivos salvos em seu dispositivo quando voc\u00ea visita um site, que permitem a execu\u00e7\u00e3o de funcionalidades diversas, possibilitando o armazenamento das informa\u00e7\u00f5es relacionadas \u00e0s suas prefer\u00eancias para navega\u00e7\u00e3o [&hellip;]<\/p>\n","protected":false},"author":1,"featured_media":0,"parent":0,"menu_order":0,"comment_status":"closed","ping_status":"closed","template":"templates\/template-page-full-width.php","meta":{"_eb_attr":""},"_links":{"self":[{"href":"https:\/\/megametal.com.br\/wfe\/wp-json\/wp\/v2\/pages\/392"}],"collection":[{"href":"https:\/\/megametal.com.br\/wfe\/wp-json\/wp\/v2\/pages"}],"about":[{"href":"https:\/\/megametal.com.br\/wfe\/wp-json\/wp\/v2\/types\/page"}],"author":[{"embeddable":true,"href":"https:\/\/megametal.com.br\/wfe\/wp-json\/wp\/v2\/users\/1"}],"replies":[{"embeddable":true,"href":"https:\/\/megametal.com.br\/wfe\/wp-json\/wp\/v2\/comments?post=392"}],"version-history":[{"count":2,"href":"https:\/\/megametal.com.br\/wfe\/wp-json\/wp\/v2\/pages\/392\/revisions"}],"predecessor-version":[{"id":397,"href":"https:\/\/megametal.com.br\/wfe\/wp-json\/wp\/v2\/pages\/392\/revisions\/397"}],"wp:attachment":[{"href":"https:\/\/megametal.com.br\/wfe\/wp-json\/wp\/v2\/media?parent=392"}],"curies":[{"name":"wp","href":"https:\/\/api.w.org\/{rel}","templated":true}]}}