{"id":3,"date":"2022-08-05T11:09:05","date_gmt":"2022-08-05T11:09:05","guid":{"rendered":"https:\/\/megametal.com.br\/wfe\/?page_id=3"},"modified":"2022-10-18T11:56:24","modified_gmt":"2022-10-18T11:56:24","slug":"politica-privacidade","status":"publish","type":"page","link":"https:\/\/megametal.com.br\/wfe\/politica-privacidade\/","title":{"rendered":"TERMOS DE USO E PRIVACIDADE CONFORME LEI GERAL DE PROTE\u00c7\u00c3O DE DADOS \u2013 13.709\/2018"},"content":{"rendered":"\n<p><strong>1.0- CONSENTIMENTO AO TERMO DE USO E PRIVACIDADE<br><\/strong>Caro(a) usu\u00e1rio(a),<br>A Mega Metal Mecanica Ltda enxerga com bastante seriedade o tema da privacidade e prote\u00e7\u00e3o de dados em seu modelo de neg\u00f3cio, raz\u00e3o pela qual trazemos neste TERMO DE USO E PRIVACIDADE algumas informa\u00e7\u00f5es sobre como utilizamos seus dados pessoais e sens\u00edveis.<br>Como consequ\u00eancia disso, n\u00f3s adotamos uma s\u00e9rie de medidas, mecanismos e procedimentos internos importantes para a adequa\u00e7\u00e3o dos processos realizados em conformidade com a legisla\u00e7\u00e3o aplic\u00e1vel.<br>Assim, para entender melhor como utilizamos e protegemos os dados pessoais com os quais lidamos em nossas atividades, preparamos este Termo de Uso e Privacidade.<br>Com foco na prote\u00e7\u00e3o dos dados pessoais de clientes e colaboradores ao utilizar a plataforma Mega Metal Mecanica Ltda (bem como ag\u00eancias de emprego, consultoria, LinkedIn) o presente Termo de Uso e Privacidade tem o escopo de tornar nossa pol\u00edtica de coleta e tratamento de dados o mais acess\u00edvel e  claro aos usu\u00e1rios.<br>Ressalta-se que \u00e0 utiliza\u00e7\u00e3o da plataforma Mega Metal Mecanica Ltda (bem como ag\u00eancias de emprego, consultoria, LinkedIn) &#8211; de forma gratuita ou onerosa \u2013 \u00e9 imprescind\u00edvel o expresso consentimento do titular dos dados pessoais para fins de coleta e tratamento e, por conseguinte, a obten\u00e7\u00e3o do acesso \u00e0 Plataforma ou \u00e0s informa\u00e7\u00f5es desejadas.<br>Desta feita, o presente Termo de Uso e Privacidade visa trazer todos os esclarecimentos necess\u00e1rios ao correto e adequado uso dos meios de contato.<br><strong>1.1- INSTRU\u00c7\u00d5ES INICIAIS<br><\/strong>Considerando as \u00e1reas de atua\u00e7\u00e3o da Mega Metal Mecanica Ltda, vimos por necess\u00e1rio estabelecermos os par\u00e2metros de defini\u00e7\u00e3o das responsabilidades a seguir elencados, e que abrangem os pap\u00e9is desempenhados, devendo ser adotados no presente Termo de Uso e Consentimento de acordo com a finalidade elencada pelo titular do dado.<br>Responsabilidade de Controlador: com fulcro no artigo 5\u00ba, inc VI, da Lei 13.709\/2018, a Mega Metal Mecanica Ltda responder\u00e1 para todos os efeitos legais na qualidade de controlador de dados pessoais e sens\u00edveis quando competir-lhe as decis\u00f5es referentes ao tratamento de dados.<br>Responsabilidade de Operador: com fulcro no artigo 5\u00ba, inc VII, da Lei 13.709\/2018, a Mega Metal Mecanica Ltda responder\u00e1 para todos os efeitos legais na qualidade de operador de dados pessoais e sens\u00edveis quando competir-lhe a realiza\u00e7\u00e3o do tratamento de dados pessoais em nome do controlador.<br><strong>2.0- DAS FINALIDADES<br><\/strong>Em estrita obedi\u00eancia \u00e0 Lei Geral de Prote\u00e7\u00e3o de Dados de n\u00ba 13.709\/2018, bem como em observ\u00e2ncia aos preceitos da Constitui\u00e7\u00e3o Federal de 1988, a Mega Metal Mecanica Ltda traz o Termo de Uso e Privacidade, que por seu turno deve ser consentido pelo usu\u00e1rio.<br>Sendo Controladora de dados, a Mega Metal Mecanica Ltda, por si ou por interm\u00e9dio de seus provedores de infraestrutura tecnol\u00f3gica, enquanto plataforma Cloud ou site de visita\u00e7\u00e3o e\/ou cadastramento de informa\u00e7\u00f5es, armazena os dados que forem transmitidos pelos usu\u00e1rios.<br>Assim sendo, o usu\u00e1rio declara inequ\u00edvoca aceita\u00e7\u00e3o aos Termos de Uso e Privacidade \u00e0s finalidades abaixo relacionadas:<br>Dados pessoais oferecidos: permiss\u00e3o concedida para coleta e tratamento dos dados pessoais fornecidos pelo usu\u00e1rio, transmitindo quaisquer informa\u00e7\u00f5es\/dados necess\u00e1rios ao atendimento das finalidades pretendidas pelo titular.<br>Conte\u00fados buscados\/pesquisados: permiss\u00e3o para coletar e registrar o conte\u00fado de seu interesse, tais como: buscas frequentes, pesquisas realizadas, conte\u00fados criados, coment\u00e1rios compartilhados.<br>Registro: permiss\u00e3o para fins de registro de todos os dados transmitidos \u00e0 Mega Metal Mecanica<br>Ltda por todos os meios aceitos por lei, tais como: correio eletr\u00f4nico, telefone, correspond\u00eancia, mensagens em aplicativos informatizados.<br>Endere\u00e7o eletr\u00f4nico: permiss\u00e3o para fins de coleta do endere\u00e7o eletr\u00f4nico quando foi realizado contato eletr\u00f4nico ou na oportunidade em que houver cadastramento de curr\u00edculo junto \u00e0 plataforma Mega Metal Mecanica Ltda (bem como ag\u00eancias de emprego, consultoria, LinkedIn).<br>Pol\u00edtica de cookies: permiss\u00e3o \u00e0 utiliza\u00e7\u00e3o de Cookies e outros instrumentos tecnol\u00f3gicos com fun\u00e7\u00e3o de coletar as informa\u00e7\u00f5es dos usu\u00e1rios que inequivocamente ofereceram consentimento expresso \u00e0 coleta e ao tratamento de seus dados pessoais.<br><strong>3.0- COMPARTILHAMENTO DE DADOS<br><\/strong>Nos limites do necess\u00e1rio e em aten\u00e7\u00e3o \u00e0 legisla\u00e7\u00e3o de prote\u00e7\u00e3o de dados pessoais, a Mega Metal Mecanica Ltda poder\u00e1 compartilhar os dados pessoais a que teve acesso nas seguintes hip\u00f3teses:<br>Prestadores de servi\u00e7o e fornecedores: a exemplo de fornecedores de tecnologia e infraestrutura, parceiros de combate a fraudes e empresas que auxiliam na operacionaliza\u00e7\u00e3o dos servi\u00e7os prestados pela Mega Metal Mecanica Ltda, observadas as finalidades contratualmente definidas e a legisla\u00e7\u00e3o aplic\u00e1vel.<br>Auditorias externas e escrit\u00f3rios de advocacia: \u00e9 poss\u00edvel que dados sejam compartilhados com servi\u00e7os de auditoria externa e escrit\u00f3rios de advocacia, sobretudo para atendimento a obriga\u00e7\u00f5es regulat\u00f3rias, processos de melhoria e aperfei\u00e7oamento da nossa governan\u00e7a e defesa dos interesses jur\u00eddicos da Mega Metal Mecanica Ltda, quando necess\u00e1rio.<br>Autoridades p\u00fablicas e agentes reguladores: podemos ter de compartilhar dados com autoridades p\u00fablicas, agentes reguladores ou \u00f3rg\u00e3os oficiais, mediante solicita\u00e7\u00e3o ou previs\u00e3o legal expressa, para cumprimento de obriga\u00e7\u00f5es legais a que estejamos submetidos.<br>A depender das particularidades inerentes \u00e0 execu\u00e7\u00e3o do contrato de presta\u00e7\u00e3o de servi\u00e7os com a qual se comprometeu, poder\u00e1 a Mega Metal Mecanica Ltda, na condi\u00e7\u00e3o de operadora dos dados, transferir e\/ou armazenar dados pessoais fora do territ\u00f3rio brasileiro, situa\u00e7\u00e3o que observar\u00e1 as regulamenta\u00e7\u00f5es aplic\u00e1veis.<br>Dessarte, as informa\u00e7\u00f5es coletadas em nossos processos de recrutamento ser\u00e3o utilizadas pela nossa \u00e1rea de RH, al\u00e9m dos gestores e\/ou pontos focais das \u00e1reas que estejam capitaneando a contrata\u00e7\u00e3o.<br>Adicionalmente, \u00e9 poss\u00edvel que os dados sejam compartilhados com empresas parceiras que nos prestam suporte na condu\u00e7\u00e3o do processo seletivo.<br><strong>4.0- ELEGIBILIDADE<br><\/strong>A Plataforma Mega Metal Mecanica Ltda (bem como ag\u00eancias de emprego, consultoria, LinkedIn) tem como p\u00fablico-alvo pessoas com capacidade jur\u00eddica plena, a saber, os maiores de 18 anos de idade e<br>plenamente capazes. Inclu\u00eddos, ainda, os relativamente incapazes (a partir dos 16 anos) mediante assist\u00eancia e os absolutamente incapazes, a partir do 14 anos, mediante representa\u00e7\u00e3o para a categoria de menor aprendiz.<br>Assim, a presente Plataforma visa ser manejada e contratada por pessoas que possam responder por seus atos, inclu\u00eddos as ressalvas legais supracitadas.<br><strong>5.0- RESSALVAS LEGAIS<br><\/strong>O manejo dos dados pessoais sem o consentimento observar\u00e1 estritamente os limites legais preceituados no artigo 7\u00ba, inc. II ao inc. X, da Lei 13.709\/2018, quais sejam:<br>a)- para o cumprimento de obriga\u00e7\u00e3o legal ou regulat\u00f3ria pelo controlador;<br>b)- pela administra\u00e7\u00e3o p\u00fablica, para o tratamento e uso compartilhado de dados necess\u00e1rios \u00e0 execu\u00e7\u00e3o de pol\u00edticas p\u00fablicas previstas em leis e regulamentos ou respaldadas em contratos, conv\u00eanios ou instrumentos cong\u00eaneres;<br>c)- para a realiza\u00e7\u00e3o de estudos por \u00f3rg\u00e3o de pesquisa, garantida, sempre que poss\u00edvel, a anonimiza\u00e7\u00e3o dos dados pessoais;<br>d) &#8211; quando necess\u00e1rio para a execu\u00e7\u00e3o de contrato ou de procedimentos preliminares relacionados a contrato do qual seja parte o titular, a pedido do titular dos dados;<br>e) &#8211; para o exerc\u00edcio regular de direitos em processo judicial, administrativo ou arbitral;<br>f)- para a prote\u00e7\u00e3o da vida ou da incolumidade f\u00edsica do titular ou de terceiro;<br>g)- para a tutela da sa\u00fade, exclusivamente, em procedimento realizado por profissionais de sa\u00fade,<br>servi\u00e7os de sa\u00fade ou autoridade sanit\u00e1ria;<br>h)- quando necess\u00e1rio para atender aos interesses leg\u00edtimos do controlador ou de terceiro, exceto no caso de prevalecerem direitos e liberdades fundamentais do titular que exijam a prote\u00e7\u00e3o dos dados<br>pessoais;<br>i)- para a prote\u00e7\u00e3o do cr\u00e9dito, inclusive quanto ao disposto na legisla\u00e7\u00e3o pertinente.<br>Entretanto, n\u00e3o se pode olvidar que o controlador que obteve o consentimento referido no inciso I do artigo 7\u00ba da LGPD que necessitar comunicar ou compartilhar dados pessoais com outros controladores dever\u00e1 obter consentimento espec\u00edfico do titular para esse fim, ressalvadas as hip\u00f3teses de dispensa do consentimento previsto na lei sobredita.<br><strong>6.0- RESPONSABILIDADES DA Mega Metal Mecanica Ltda &#8211; MEDIDAS DE SEGURAN\u00c7A<br><\/strong>\u00c9 de responsabilidade do usu\u00e1rio\/titular dos dados de car\u00e1ter pessoal a transmiss\u00e3o \u00e0 Mega Metal Mecanica Ltda para fins de obten\u00e7\u00e3o dos produtos ofertados no presente sistema.<br>Frise-se, contudo, que a Mega Metal Mecanica Ltda responsabiliza-se pela seguran\u00e7a dos dados pessoais coletados e tratados, adotando todas medidas legalmente cab\u00edveis\/adequadas a garantir a seguran\u00e7a dos dados pessoais recebidos do titular via consentimento expresso, sem esquecer, ainda, da especifica\u00e7\u00e3o das finalidades referentes aos consentimentos j\u00e1 levados a efeito.<br>Pontos importantes:<br>\u00b7 Os dados fornecidos s\u00e3o tratados a atender estritamente as finalidades espec\u00edficas do consentimento emitido pelo titular;<br>\u00b7 As informa\u00e7\u00f5es coletadas ser\u00e3o guarnecidas em suporte t\u00e9cnico seguro, em conformidade com a Lei 13.709\/2018;<br>\u00b7 A seguran\u00e7a dos dispositivos manejados pelo titular a acessar a Plataforma Mega Metal Mecanica Ltda \u00e9 de total responsabilidade do mesmo usu\u00e1rio. Frise-se que os titulares devem promover a prote\u00e7\u00e3o dos pr\u00f3prios dispositivos de amea\u00e7as externas.<br>\u00b7 Na qualidade de controladora dos dados pessoais e sens\u00edveis, a Mega Metal Mecanica Ltda \u00e9 respons\u00e1vel por implementar as medidas de seguran\u00e7a apropriadas para garantir par\u00e2metros de  seguran\u00e7a da informa\u00e7\u00e3o e mitigar riscos de acessos n\u00e3o autorizados e de situa\u00e7\u00f5es acidentais ou il\u00edcitas de destrui\u00e7\u00e3o, perda, altera\u00e7\u00e3o, comunica\u00e7\u00e3o ou difus\u00e3o.<br><strong>7.0- SEGURAN\u00c7A DA INFORMA\u00c7\u00c3O E MEDIDAS DE SEGURAN\u00c7A<br><\/strong>Na qualidade de controladora dos dados que lhe s\u00e3o transmitidos pelos titulares de dados, a Mega Metal Mecanica Ltda adota uma s\u00e9rie de medidas adequadas em rela\u00e7\u00e3o \u00e0 Lei Geral de Prote\u00e7\u00e3o de Dados  LGPD) para manter a seguran\u00e7a de suaopera\u00e7\u00e3o. Al\u00e9m de contar com solu\u00e7\u00f5es tecnol\u00f3gicas e medidas administrativas de seguran\u00e7a da informa\u00e7\u00e3o, a Mega Metal Mecanica Ltda mant\u00e9m programa de governan\u00e7a em privacidade e prote\u00e7\u00e3o de dados que conta com as seguintes rotinas e processos, tais<br>como: a) avalia\u00e7\u00f5es de risco em novas atividades\/solu\u00e7\u00f5es; b)gest\u00e3o de fornecedores; conscientiza\u00e7\u00e3o e<br>colaboradores; c) an\u00e1lise e revis\u00e3o peri\u00f3dica de processos; d) pol\u00edtica interna de compliance em  privacidade e prote\u00e7\u00e3o de dados; e) pol\u00edtica de gest\u00e3o de incidentes.<br>Assim, a Mega Metal Mecanica Ltda, em respeito \u00e0 legisla\u00e7\u00e3o em vigor, estabelece nestes Termos<br>de Uso e Privacidade que o usu\u00e1rio declara plena e integral aceita\u00e7\u00e3o \u00e0 coleta e ao tratamento dos seus<br>dados pessoais e sens\u00edveis transmitidos \u00e0 Mega Metal Mecanica Ltda.<br>Porquanto, os dados pessoais e sens\u00edveis transmitidos pelo titular \u00e0 Mega Metal Mecanica Ltda, ser\u00e3o coletados pelo presente sistema e submetidos aos tratamentos estritamente necess\u00e1rios e  prescind\u00edveis ao atendimento das finalidades pretendidas e consentidas pelos usu\u00e1rios, ora titulares dos dados.<br>A Mega Metal Mecanica Ltda atua no sentido de implementar medidas de seguran\u00e7a que protejam os sistemas e bases de Dados, envidando os melhores esfor\u00e7os na prote\u00e7\u00e3o das Aplica\u00e7\u00f5es e Sistemas contra tentativas de viola\u00e7\u00f5es ou acessos clandestinos \u00e0 sua base de Dados.<br>Dentre as principais medidas adotadas, cite-se: a utiliza\u00e7\u00e3o de criptografia dos dados, o controle de acesso de informa\u00e7\u00f5es, a utiliza\u00e7\u00e3o de firewalls e a implementa\u00e7\u00e3o de pol\u00edtica interna de seguran\u00e7a da<br>informa\u00e7\u00e3o, arquitetura da solu\u00e7\u00e3o de software com preven\u00e7\u00e3o \u00e0 invas\u00e3o, utiliza\u00e7\u00e3o de HTTPS, dentre<br>outras medidas.<br>O Tratamento de Dados \u00e9 realizado utilizando computadores e\/ou ferramentas de Tecnologia da<br>Informa\u00e7\u00e3o habilitadas, seguindo procedimentos organizacionais e meios estritamente relacionados aos<br>objetivos estabelecidos nesta Pol\u00edtica de Privacidade.<br>Frise-se que o acesso aos Dados \u00e9 restrito aos colaboradores devidamente autorizados pela Mega Metal Mecanica Ltda, o que garante a devida\/segura utiliza\u00e7\u00e3o dos Dados por parte dos colaboradores.<br>Assim, a fim de atender aos melhores padr\u00f5es internacionais de seguran\u00e7a e prote\u00e7\u00e3o de Dados,<br>a Mega Metal Mecanica Ltda pode ter parceiros localizados no exterior para disponibilizar infraestrutura<br>t\u00e9cnica avan\u00e7ada e necess\u00e1ria \u00e0 oferta das Plataformas e Solu\u00e7\u00f5es.<br><strong>8.0- LIMITE DA COLETA E TRATAMENTOS DOS DADOS PESSOAIS<br><\/strong>Os dados voluntariamente transmitidos \u00e0 Plataforma Mega Metal Mecanica Ltda (bem como ag\u00eancias de emprego, consultoria, LinkedIn) permanecer\u00e3o protegidos e guardados na base de dados do<br>Sistema em comento at\u00e9 que o titular das informa\u00e7\u00f5es requeira a exclus\u00e3o \u2013 art. 8\u00ba, \u00a75\u00ba, Lei 13.709\/2018,<br>ou quando exaurida a motiva\u00e7\u00e3o para manter os dados referidos na base de dados supramencionada.<br><strong>9.0- DIREITOS DOS TITULARES DE DADOS PESSOAIS<br><\/strong>Os titulares dos dados pessoais s\u00e3o detentores de direitos com fundamento constitucional e infraconstitucional, dentre os principais direitos, enfatiza-se:<br>I- o respeito \u00e0 privacidade;<br>II &#8211; a autodetermina\u00e7\u00e3o informativa;<br>III &#8211; a liberdade de express\u00e3o, de informa\u00e7\u00e3o, de comunica\u00e7\u00e3o e de opini\u00e3o;<br>IV &#8211; a inviolabilidade da intimidade, da honra e da imagem;<br>V &#8211; o desenvolvimento econ\u00f4mico e tecnol\u00f3gico e a inova\u00e7\u00e3o;<br>VI &#8211; a livre iniciativa, a livre concorr\u00eancia e a defesa do consumidor; e <\/p>\n\n\n\n<p>VII \u2013 a anonimiza\u00e7\u00e3o: utiliza\u00e7\u00e3o de meios t\u00e9cnicos razo\u00e1veis e dispon\u00edveis no momento do<br>tratamento, por meio dos quais um dado perde a possibilidade de associa\u00e7\u00e3o, direta ou indireta, a um<br>indiv\u00edduo;<br>VIII \u2013 o consentimento: manifesta\u00e7\u00e3o livre, informada e inequ\u00edvoca pela qual o titular concorda com o tratamento de seus dados pessoais para uma finalidade determinada;<br>IX \u2013 o bloqueio: suspens\u00e3o tempor\u00e1ria de qualquer opera\u00e7\u00e3o de tratamento, mediante guarda do dado pessoal ou do banco de dados;<br>X \u2013 a elimina\u00e7\u00e3o: exclus\u00e3o de dado ou de conjunto de dados armazenados em banco de dados,<br>independentemente do procedimento empregado;<br>XI \u2013 a transfer\u00eancia internacional de dados: transfer\u00eancia de dados pessoais para pa\u00eds estrangeiro ou organismo internacional do qual o pa\u00eds seja membro;<br>XII \u2013 o uso compartilhado de dados: comunica\u00e7\u00e3o, difus\u00e3o, transfer\u00eancia internacional, interconex\u00e3o de dados pessoais ou tratamento compartilhado de bancos de dados pessoais por \u00f3rg\u00e3os e entidades p\u00fablicos no cumprimento de suas compet\u00eancias legais, ou entre esses e entes privados, reciprocamente, com autoriza\u00e7\u00e3o espec\u00edfica, para uma ou mais modalidades de tratamento permitidas por esses entes p\u00fablicos, ou entre entes privados;<br>XIII \u2013 o relat\u00f3rio de impacto \u00e0 prote\u00e7\u00e3o de dados pessoais: documenta\u00e7\u00e3o do controlador que cont\u00e9m a descri\u00e7\u00e3o dos processos de tratamento de dados pessoais que podem gerar riscos \u00e0s liberdades civis e aos direitos fundamentais, bem como medidas, salvaguardas e mecanismos de mitiga\u00e7\u00e3o de risco;<br><strong>10.0- DADOS DO CONTROLADOR<br><\/strong>A Mega Metal Mecanica Ltda, sito \u00e0 Avenida Expedicion\u00e1rio Fernando Hartmann, 640,\u2006 Bairro Industrial, 98.794-768, Santa Rosa\/RS, Telefone (55) 35135900,\u2006\u2006com endere\u00e7o\u2006 e canal de acesso ao DPO leonice.silva@megametal.com.br.<br><strong>11.0- ACESSO AOS DADOS PESSOAIS TRATADOS<br><\/strong>Os dados pessoais e sens\u00edveis que, mediante expresso consentimento do titular, s\u00e3o coletados,<br>armazenados ou tratados, de qualquer forma, em raz\u00e3o da utiliza\u00e7\u00e3o dos Sistemas ou Aplicativos da Mega Metal Mecanica Ltda s\u00e3o controlados pela mesma.<br>Assim, a Mega Metal Mecanica Ltda dever\u00e1\/poder\u00e1 ser informada pelo Titular dos dados pessoais sobre quaisquer solicita\u00e7\u00f5es referentes aos direitos previstos na Lei Geral de Prote\u00e7\u00e3o de Dados Pessoais \u2013 LGPD, n\u00ba 13.709\/2018.<br><strong>12.0- CANAL DO DATA PROTECTON OFFICER \u2013 DPO\/ENCARREGADO DOS DADOS COLETADOS E EM TRATAMENTO<br><\/strong>Para dirimir d\u00favidas ou apresentar solicita\u00e7\u00f5es os Usu\u00e1rios devem entrar em contato com o Encarregado de Prote\u00e7\u00e3o de Dados Pessoais por meio do e-mail: leonice.silva@megametal.com.br<\/p>\n","protected":false},"excerpt":{"rendered":"<p>1.0- CONSENTIMENTO AO TERMO DE USO E PRIVACIDADECaro(a) usu\u00e1rio(a),A Mega Metal Mecanica Ltda enxerga com bastante seriedade o tema da privacidade e prote\u00e7\u00e3o de dados em seu modelo de neg\u00f3cio, raz\u00e3o pela qual trazemos neste TERMO DE USO E PRIVACIDADE algumas informa\u00e7\u00f5es sobre como utilizamos seus dados pessoais e sens\u00edveis.Como consequ\u00eancia disso, n\u00f3s adotamos uma [&hellip;]<\/p>\n","protected":false},"author":1,"featured_media":0,"parent":0,"menu_order":0,"comment_status":"closed","ping_status":"open","template":"templates\/template-page-full-width.php","meta":{"_eb_attr":""},"_links":{"self":[{"href":"https:\/\/megametal.com.br\/wfe\/wp-json\/wp\/v2\/pages\/3"}],"collection":[{"href":"https:\/\/megametal.com.br\/wfe\/wp-json\/wp\/v2\/pages"}],"about":[{"href":"https:\/\/megametal.com.br\/wfe\/wp-json\/wp\/v2\/types\/page"}],"author":[{"embeddable":true,"href":"https:\/\/megametal.com.br\/wfe\/wp-json\/wp\/v2\/users\/1"}],"replies":[{"embeddable":true,"href":"https:\/\/megametal.com.br\/wfe\/wp-json\/wp\/v2\/comments?post=3"}],"version-history":[{"count":2,"href":"https:\/\/megametal.com.br\/wfe\/wp-json\/wp\/v2\/pages\/3\/revisions"}],"predecessor-version":[{"id":399,"href":"https:\/\/megametal.com.br\/wfe\/wp-json\/wp\/v2\/pages\/3\/revisions\/399"}],"wp:attachment":[{"href":"https:\/\/megametal.com.br\/wfe\/wp-json\/wp\/v2\/media?parent=3"}],"curies":[{"name":"wp","href":"https:\/\/api.w.org\/{rel}","templated":true}]}}