{"id":260,"date":"2022-08-12T14:45:27","date_gmt":"2022-08-12T14:45:27","guid":{"rendered":"https:\/\/megametal.com.br\/wfe\/?page_id=260"},"modified":"2023-02-02T12:09:59","modified_gmt":"2023-02-02T12:09:59","slug":"nossos-processos","status":"publish","type":"page","link":"https:\/\/megametal.com.br\/wfe\/nossos-processos\/","title":{"rendered":"NOSSOS PROCESSOS"},"content":{"rendered":"<style id=\"sp_pcp_dynamic_style265\">#pcp_wrapper-265 .sp-pcp-row{ margin-right: -10px;margin-left: -10px;}#pcp_wrapper-265 .sp-pcp-row [class*='sp-pcp-col-']{padding-right: 10px;padding-left: 10px;padding-bottom: 20px;}.pcp-wrapper-265 .sp-pcp-title a {color: #111;display: inherit;} .pcp-wrapper-265 .sp-pcp-title a:hover {color: #e1624b;}.pcp-wrapper-265 .sp-pcp-post-content{color: #444; }#pcp_wrapper-265 .sp-pcp-post {padding: 0 0 0 0;}#pcp_wrapper-265 .sp-pcp-post {border: 0px solid #e2e2e2;}#pcp_wrapper-265 .sp-pcp-post {border-radius: 0px;}#pcp_wrapper-265 .sp-pcp-post{background-color: transparent;}.pcp-wrapper-265 .sp-pcp-post-meta li,.pcp-wrapper-265 .sp-pcp-post-meta ul,.pcp-wrapper-265 .sp-pcp-post-meta li a{color: #888;}.pcp-wrapper-265 .sp-pcp-post-meta li a:hover{color: #e1624b;}#pcp_wrapper-265 .pcp-readmore-link{ background: transparent; color: #111; border-color: #888; } #pcp_wrapper-265 .pcp-readmore-link:hover { background: #e1624b; color: #fff; border-color: #e1624b; }#pcp_wrapper-265 .pcp-post-pagination .page-numbers.current, #pcp_wrapper-265 .pcp-post-pagination a.active , #pcp_wrapper-265 .pcp-post-pagination a:hover{ color: #ffffff; background: #e1624b; border-color: #e1624b; }#pcp_wrapper-265 .pcp-post-pagination .page-numbers, .pcp-post-pagination a{ background: #ffffff; color:#5e5e5e; border-color: #bbbbbb; }<\/style>\n<div id=\"pcp_wrapper-265\" class=\"sp-pcp-section sp-pcp-container pcp-wrapper-265\">\n\t<div class=\"sp-pcp-row\">\n\t\t\t\t<div class=\" sp-pcp-col-xs-1 sp-pcp-col-sm-2 sp-pcp-col-md-3 sp-pcp-col-lg-3 sp-pcp-col-xl-3\">\n\t\t\t<div class=\"sp-pcp-post pcp-item-249\" data-id=\"249\">\n\t\t\t\t\t\t\t\t<div class=\"pcp-post-thumb-wrapper\">\n\t\t\t\t\t<div class=\"sp-pcp-post-thumb-area\">\n\t\t\t\t\t\t\t\t\t\t\t\t<a class=\"sp-pcp-thumb\" href=\"https:\/\/megametal.com.br\/wfe\/corte\/\" target=\"_self\" >\n\t\t\t\t\t\t\t\t\t\t\t\t\t<img src=\"https:\/\/megametal.com.br\/wfe\/wp-content\/uploads\/2022\/08\/corte-mega-768x256.jpg\" width=\"768\" height=\"256\" alt=\"\">\n\t\t\t\t\t\t<\/a>\n\t\t\t\t\t<\/div>\n\t\t\t\t<\/div>\n\t\t\t\t\t\t\t<h2 class=\"sp-pcp-title\">\n\t\t\t\t\t\t\t\t\t<a href=\"https:\/\/megametal.com.br\/wfe\/corte\/\"  target=\"_self\">Corte<\/a>\t\t\t\t\t\t\t<\/h2>\n\t\t\t\t\t\t<div class=\"sp-pcp-post-content\">\n\t\t\t<p>Para corte de chapas \u00e9 utilizado os processos a laser e a plasma, o mais avan\u00e7ado processo tecnol\u00f3gico para corte t\u00e9rmico e dos mais vers\u00e1teis, possibilita o corte de pe\u00e7as com geometria complexa em 2D e 3D, com alta precis\u00e3o e excelente qualidade da superf\u00edcie cortada; corte de barras, perfis, tubos em serra fita automatizada.<\/p>\n\t\t<div class=\"sp-pcp-readmore\">\n\t\t\t\t\t\t\t<a class=\"pcp-readmore-link\" target=\"_self\" href=\"https:\/\/megametal.com.br\/wfe\/corte\/\" >\n\t\t\t\t\t\tLeia mais <\/a>\n\t\t<\/div>\n\t\t\t\t\t<\/div>\n\t\t\t\t\t\t<\/div>\n\t\t<\/div>\n\t\t\t\t<div class=\" sp-pcp-col-xs-1 sp-pcp-col-sm-2 sp-pcp-col-md-3 sp-pcp-col-lg-3 sp-pcp-col-xl-3\">\n\t\t\t<div class=\"sp-pcp-post pcp-item-36\" data-id=\"36\">\n\t\t\t\t\t\t\t\t<div class=\"pcp-post-thumb-wrapper\">\n\t\t\t\t\t<div class=\"sp-pcp-post-thumb-area\">\n\t\t\t\t\t\t\t\t\t\t\t\t<a class=\"sp-pcp-thumb\" href=\"https:\/\/megametal.com.br\/wfe\/conformacao\/\" target=\"_self\" >\n\t\t\t\t\t\t\t\t\t\t\t\t\t<img src=\"https:\/\/megametal.com.br\/wfe\/wp-content\/uploads\/2022\/08\/produtos-1-768x256.png\" width=\"768\" height=\"256\" alt=\"\">\n\t\t\t\t\t\t<\/a>\n\t\t\t\t\t<\/div>\n\t\t\t\t<\/div>\n\t\t\t\t\t\t\t<h2 class=\"sp-pcp-title\">\n\t\t\t\t\t\t\t\t\t<a href=\"https:\/\/megametal.com.br\/wfe\/conformacao\/\"  target=\"_self\">Dobra e Conforma\u00e7\u00e3o<\/a>\t\t\t\t\t\t\t<\/h2>\n\t\t\t\t\t\t<div class=\"sp-pcp-post-content\">\n\t\t\t<p>Com objetivo de obter uma transforma\u00e7\u00e3o mec\u00e2nica permanente de formas e dimens\u00f5es em pe\u00e7as met\u00e1licas pelo processo de dobra ou conforma\u00e7\u00e3o utilizamos m\u00e1quinas equipadas com comando num\u00e9rico; dobradeiras com aux\u00edlio de ferramentas universal, pun\u00e7\u00e3o\/ prisma, ou em prensas hidr\u00e1ulicas com aux\u00edlio de ferramentas especificas, modelo, para cada pe\u00e7a e calandra de rolos para conforma\u00e7\u00e3o de [&hellip;]<\/p>\n\t\t<div class=\"sp-pcp-readmore\">\n\t\t\t\t\t\t\t<a class=\"pcp-readmore-link\" target=\"_self\" href=\"https:\/\/megametal.com.br\/wfe\/conformacao\/\" >\n\t\t\t\t\t\tLeia mais <\/a>\n\t\t<\/div>\n\t\t\t\t\t<\/div>\n\t\t\t\t\t\t<\/div>\n\t\t<\/div>\n\t\t\t\t<div class=\" sp-pcp-col-xs-1 sp-pcp-col-sm-2 sp-pcp-col-md-3 sp-pcp-col-lg-3 sp-pcp-col-xl-3\">\n\t\t\t<div class=\"sp-pcp-post pcp-item-39\" data-id=\"39\">\n\t\t\t\t\t\t\t\t<div class=\"pcp-post-thumb-wrapper\">\n\t\t\t\t\t<div class=\"sp-pcp-post-thumb-area\">\n\t\t\t\t\t\t\t\t\t\t\t\t<a class=\"sp-pcp-thumb\" href=\"https:\/\/megametal.com.br\/wfe\/usinagem\/\" target=\"_self\" >\n\t\t\t\t\t\t\t\t\t\t\t\t\t<img src=\"https:\/\/megametal.com.br\/wfe\/wp-content\/uploads\/2022\/08\/produtos-6-768x256.png\" width=\"768\" height=\"256\" alt=\"\">\n\t\t\t\t\t\t<\/a>\n\t\t\t\t\t<\/div>\n\t\t\t\t<\/div>\n\t\t\t\t\t\t\t<h2 class=\"sp-pcp-title\">\n\t\t\t\t\t\t\t\t\t<a href=\"https:\/\/megametal.com.br\/wfe\/usinagem\/\"  target=\"_self\">Usinagem<\/a>\t\t\t\t\t\t\t<\/h2>\n\t\t\t\t\t\t<div class=\"sp-pcp-post-content\">\n\t\t\t<p>Usinagem em m\u00e1quinas com tecnologia CNC que garantem forma, precis\u00e3o e acabamento superficial obtidos em: tornos, centros de usinagem vertical e horizontal, que atrav\u00e9s da remo\u00e7\u00e3o de material sob a forma de cavaco transformam mat\u00e9ria-prima em produto acabado com qualidade assegurada.<\/p>\n\t\t<div class=\"sp-pcp-readmore\">\n\t\t\t\t\t\t\t<a class=\"pcp-readmore-link\" target=\"_self\" href=\"https:\/\/megametal.com.br\/wfe\/usinagem\/\" >\n\t\t\t\t\t\tLeia mais <\/a>\n\t\t<\/div>\n\t\t\t\t\t<\/div>\n\t\t\t\t\t\t<\/div>\n\t\t<\/div>\n\t\t\t\t<div class=\" sp-pcp-col-xs-1 sp-pcp-col-sm-2 sp-pcp-col-md-3 sp-pcp-col-lg-3 sp-pcp-col-xl-3\">\n\t\t\t<div class=\"sp-pcp-post pcp-item-41\" data-id=\"41\">\n\t\t\t\t\t\t\t\t<div class=\"pcp-post-thumb-wrapper\">\n\t\t\t\t\t<div class=\"sp-pcp-post-thumb-area\">\n\t\t\t\t\t\t\t\t\t\t\t\t<a class=\"sp-pcp-thumb\" href=\"https:\/\/megametal.com.br\/wfe\/solda\/\" target=\"_self\" >\n\t\t\t\t\t\t\t\t\t\t\t\t\t<img src=\"https:\/\/megametal.com.br\/wfe\/wp-content\/uploads\/2022\/08\/produtos-5-768x256.png\" width=\"768\" height=\"256\" alt=\"\">\n\t\t\t\t\t\t<\/a>\n\t\t\t\t\t<\/div>\n\t\t\t\t<\/div>\n\t\t\t\t\t\t\t<h2 class=\"sp-pcp-title\">\n\t\t\t\t\t\t\t\t\t<a href=\"https:\/\/megametal.com.br\/wfe\/solda\/\"  target=\"_self\">Solda<\/a>\t\t\t\t\t\t\t<\/h2>\n\t\t\t\t\t\t<div class=\"sp-pcp-post-content\">\n\t\t\t<p>A uni\u00e3o de v\u00e1rias pe\u00e7as atrav\u00e9s do processo de fus\u00e3o de materiais met\u00e1licos \u00e9 fundamental para diversos setores do mercado, com o uso de gabaritos e dispositivos que garantem a repetibilidade e qualidade nos conjuntos soldados obtidos em m\u00e1quinas convencionais ou em c\u00e9lulas robotizadas, ambos pelo processo mig\/mag.<\/p>\n\t\t<div class=\"sp-pcp-readmore\">\n\t\t\t\t\t\t\t<a class=\"pcp-readmore-link\" target=\"_self\" href=\"https:\/\/megametal.com.br\/wfe\/solda\/\" >\n\t\t\t\t\t\tLeia mais <\/a>\n\t\t<\/div>\n\t\t\t\t\t<\/div>\n\t\t\t\t\t\t<\/div>\n\t\t<\/div>\n\t\t\t\t<div class=\" sp-pcp-col-xs-1 sp-pcp-col-sm-2 sp-pcp-col-md-3 sp-pcp-col-lg-3 sp-pcp-col-xl-3\">\n\t\t\t<div class=\"sp-pcp-post pcp-item-45\" data-id=\"45\">\n\t\t\t\t\t\t\t\t<div class=\"pcp-post-thumb-wrapper\">\n\t\t\t\t\t<div class=\"sp-pcp-post-thumb-area\">\n\t\t\t\t\t\t\t\t\t\t\t\t<a class=\"sp-pcp-thumb\" href=\"https:\/\/megametal.com.br\/wfe\/montagem\/\" target=\"_self\" >\n\t\t\t\t\t\t\t\t\t\t\t\t\t<img src=\"https:\/\/megametal.com.br\/wfe\/wp-content\/uploads\/2022\/08\/produtos-2-768x256.png\" width=\"768\" height=\"256\" alt=\"\">\n\t\t\t\t\t\t<\/a>\n\t\t\t\t\t<\/div>\n\t\t\t\t<\/div>\n\t\t\t\t\t\t\t<h2 class=\"sp-pcp-title\">\n\t\t\t\t\t\t\t\t\t<a href=\"https:\/\/megametal.com.br\/wfe\/montagem\/\"  target=\"_self\">Montagem<\/a>\t\t\t\t\t\t\t<\/h2>\n\t\t\t\t\t\t<div class=\"sp-pcp-post-content\">\n\t\t\t<p>Especializada em montagem, que visa maior a constru\u00e7\u00e3o de um todo composto por uma s\u00e9rie de pe\u00e7as fabricadas separadamente, entrega conjuntos personalizados conforme projeto do cliente, inclusive com balanceamento din\u00e2mico para componentes rotativos, rotores e polias.<\/p>\n\t\t<div class=\"sp-pcp-readmore\">\n\t\t\t\t\t\t\t<a class=\"pcp-readmore-link\" target=\"_self\" href=\"https:\/\/megametal.com.br\/wfe\/montagem\/\" >\n\t\t\t\t\t\tLeia mais <\/a>\n\t\t<\/div>\n\t\t\t\t\t<\/div>\n\t\t\t\t\t\t<\/div>\n\t\t<\/div>\n\t\t\t\t<div class=\" sp-pcp-col-xs-1 sp-pcp-col-sm-2 sp-pcp-col-md-3 sp-pcp-col-lg-3 sp-pcp-col-xl-3\">\n\t\t\t<div class=\"sp-pcp-post pcp-item-43\" data-id=\"43\">\n\t\t\t\t\t\t\t\t<div class=\"pcp-post-thumb-wrapper\">\n\t\t\t\t\t<div class=\"sp-pcp-post-thumb-area\">\n\t\t\t\t\t\t\t\t\t\t\t\t<a class=\"sp-pcp-thumb\" href=\"https:\/\/megametal.com.br\/wfe\/pintura\/\" target=\"_self\" >\n\t\t\t\t\t\t\t\t\t\t\t\t\t<img src=\"https:\/\/megametal.com.br\/wfe\/wp-content\/uploads\/2022\/08\/produtos-3-768x256.png\" width=\"768\" height=\"256\" alt=\"\">\n\t\t\t\t\t\t<\/a>\n\t\t\t\t\t<\/div>\n\t\t\t\t<\/div>\n\t\t\t\t\t\t\t<h2 class=\"sp-pcp-title\">\n\t\t\t\t\t\t\t\t\t<a href=\"https:\/\/megametal.com.br\/wfe\/pintura\/\"  target=\"_self\">Pintura<\/a>\t\t\t\t\t\t\t<\/h2>\n\t\t\t\t\t\t<div class=\"sp-pcp-post-content\">\n\t\t\t<p>Para o acabamento dos produtos \u00e9 utilizado pintura liquida com o processo air lass, e a p\u00f3 com o processo eletrost\u00e1tico, executados ap\u00f3s a prepara\u00e7\u00e3o na superf\u00edcie a ser pintada, que em tanques de imers\u00e3o, recebe tratamento qu\u00edmico, garantindo elevados n\u00edveis de resist\u00eancia a corros\u00e3o, acompanhados por testes salt spray.<\/p>\n\t\t<div class=\"sp-pcp-readmore\">\n\t\t\t\t\t\t\t<a class=\"pcp-readmore-link\" target=\"_self\" href=\"https:\/\/megametal.com.br\/wfe\/pintura\/\" >\n\t\t\t\t\t\tLeia mais <\/a>\n\t\t<\/div>\n\t\t\t\t\t<\/div>\n\t\t\t\t\t\t<\/div>\n\t\t<\/div>\n\t\t\t\t<div class=\" sp-pcp-col-xs-1 sp-pcp-col-sm-2 sp-pcp-col-md-3 sp-pcp-col-lg-3 sp-pcp-col-xl-3\">\n\t\t\t<div class=\"sp-pcp-post pcp-item-445\" data-id=\"445\">\n\t\t\t\t\t\t\t\t<div class=\"pcp-post-thumb-wrapper\">\n\t\t\t\t\t<div class=\"sp-pcp-post-thumb-area\">\n\t\t\t\t\t\t\t\t\t\t\t\t<a class=\"sp-pcp-thumb\" href=\"https:\/\/megametal.com.br\/wfe\/expedicao\/\" target=\"_self\" >\n\t\t\t\t\t\t\t\t\t\t\t\t\t<img src=\"https:\/\/megametal.com.br\/wfe\/wp-content\/uploads\/2023\/02\/expedicao-768x256.png\" width=\"768\" height=\"256\" alt=\"\">\n\t\t\t\t\t\t<\/a>\n\t\t\t\t\t<\/div>\n\t\t\t\t<\/div>\n\t\t\t\t\t\t\t<h2 class=\"sp-pcp-title\">\n\t\t\t\t\t\t\t\t\t<a href=\"https:\/\/megametal.com.br\/wfe\/expedicao\/\"  target=\"_self\">Expedi\u00e7\u00e3o<\/a>\t\t\t\t\t\t\t<\/h2>\n\t\t\t\t\t\t<div class=\"sp-pcp-post-content\">\n\t\t\t<p>A expedi\u00e7\u00e3o de produtos \u00e9 realizada em \u00e1rea ampla e organizada com colaboradores qualificados que preparam, conferem e acondicionam mercadorias antes do carregamento, garantindo o envio dos produtos em perfeito estado aos clientes.<\/p>\n\t\t<div class=\"sp-pcp-readmore\">\n\t\t\t\t\t\t\t<a class=\"pcp-readmore-link\" target=\"_self\" href=\"https:\/\/megametal.com.br\/wfe\/expedicao\/\" >\n\t\t\t\t\t\tLeia mais <\/a>\n\t\t<\/div>\n\t\t\t\t\t<\/div>\n\t\t\t\t\t\t<\/div>\n\t\t<\/div>\n\t\t\t<\/div>\n\t\t<span class=\"sp-pcp-pagination-data\" style=\"display:none;\"><\/span>\n\n\t\t<nav class=\"pcp-post-pagination pcp-on-desktop\">\n\t\t\t\t\t<\/nav>\n\t\t\t\t\t<nav class=\"pcp-post-pagination pcp-on-mobile\">\n\t\t\t\t\t<\/nav>\n\t\t\t\t<\/div>\n\n","protected":false},"excerpt":{"rendered":"","protected":false},"author":1,"featured_media":0,"parent":0,"menu_order":0,"comment_status":"closed","ping_status":"closed","template":"","meta":{"_eb_attr":""},"_links":{"self":[{"href":"https:\/\/megametal.com.br\/wfe\/wp-json\/wp\/v2\/pages\/260"}],"collection":[{"href":"https:\/\/megametal.com.br\/wfe\/wp-json\/wp\/v2\/pages"}],"about":[{"href":"https:\/\/megametal.com.br\/wfe\/wp-json\/wp\/v2\/types\/page"}],"author":[{"embeddable":true,"href":"https:\/\/megametal.com.br\/wfe\/wp-json\/wp\/v2\/users\/1"}],"replies":[{"embeddable":true,"href":"https:\/\/megametal.com.br\/wfe\/wp-json\/wp\/v2\/comments?post=260"}],"version-history":[{"count":9,"href":"https:\/\/megametal.com.br\/wfe\/wp-json\/wp\/v2\/pages\/260\/revisions"}],"predecessor-version":[{"id":448,"href":"https:\/\/megametal.com.br\/wfe\/wp-json\/wp\/v2\/pages\/260\/revisions\/448"}],"wp:attachment":[{"href":"https:\/\/megametal.com.br\/wfe\/wp-json\/wp\/v2\/media?parent=260"}],"curies":[{"name":"wp","href":"https:\/\/api.w.org\/{rel}","templated":true}]}}